{"id":45,"date":"2024-06-11T17:46:50","date_gmt":"2024-06-11T17:46:50","guid":{"rendered":"http:\/\/www.herschmettlen.ch\/?page_id=45"},"modified":"2024-06-11T17:46:50","modified_gmt":"2024-06-11T17:46:50","slug":"kontakt","status":"publish","type":"page","link":"https:\/\/www.herschmettlen.ch\/index.php\/kontakt\/","title":{"rendered":"Kontakt"},"content":{"rendered":"<p><strong>Pr\u00e4sident<br \/><\/strong><img loading=\"lazy\" decoding=\"async\" class=\"alignnone  wp-image-535\" src=\"https:\/\/www.herschmettlen.ch\/wp-content\/uploads\/2024\/06\/PHOTO-2024-06-06-21-15-36-300x288.jpg\" alt=\"\" width=\"239\" height=\"230\" srcset=\"https:\/\/www.herschmettlen.ch\/wp-content\/uploads\/2024\/06\/PHOTO-2024-06-06-21-15-36-300x288.jpg 300w, https:\/\/www.herschmettlen.ch\/wp-content\/uploads\/2024\/06\/PHOTO-2024-06-06-21-15-36-768x736.jpg 768w, https:\/\/www.herschmettlen.ch\/wp-content\/uploads\/2024\/06\/PHOTO-2024-06-06-21-15-36.jpg 828w\" sizes=\"auto, (max-width: 239px) 100vw, 239px\" \/><br \/>Lukas B\u00f6sch<br \/>Gerbelstrasse 11<br \/>8626 Ottikon<br \/><a href=\"praesident@herschmettlen.ch\">praesident@herschmettlen.ch<\/a><br \/>079 299 93 56<\/p>\n<p><strong>Aktuar<\/strong><br \/><img loading=\"lazy\" decoding=\"async\" class=\"alignnone  wp-image-536\" src=\"https:\/\/www.herschmettlen.ch\/wp-content\/uploads\/2024\/06\/shoot_0027-200x300.jpg\" alt=\"\" width=\"236\" height=\"354\" srcset=\"https:\/\/www.herschmettlen.ch\/wp-content\/uploads\/2024\/06\/shoot_0027-200x300.jpg 200w, https:\/\/www.herschmettlen.ch\/wp-content\/uploads\/2024\/06\/shoot_0027-683x1024.jpg 683w, https:\/\/www.herschmettlen.ch\/wp-content\/uploads\/2024\/06\/shoot_0027-768x1152.jpg 768w, https:\/\/www.herschmettlen.ch\/wp-content\/uploads\/2024\/06\/shoot_0027-1024x1536.jpg 1024w, https:\/\/www.herschmettlen.ch\/wp-content\/uploads\/2024\/06\/shoot_0027-1365x2048.jpg 1365w, https:\/\/www.herschmettlen.ch\/wp-content\/uploads\/2024\/06\/shoot_0027-scaled.jpg 1707w\" sizes=\"auto, (max-width: 236px) 100vw, 236px\" \/><br \/>Felix Zimmermann<br \/>D\u00fcrntnerstrasse 19<br \/>8626 Ottikon<br \/><a href=\"mailto:kassier@herschmettlen.ch\">aktuar@herschmettlen.ch<\/a><br \/>079 624 50 20<\/p>\n<p><strong>Kassier<\/strong><\/p>\n<p><img loading=\"lazy\" decoding=\"async\" class=\"alignnone  wp-image-512\" src=\"https:\/\/www.herschmettlen.ch\/wp-content\/uploads\/2024\/05\/7262C831-9458-4AD5-9639-B4BF04F09A00-187x300.jpg\" alt=\"\" width=\"226\" height=\"362\" srcset=\"https:\/\/www.herschmettlen.ch\/wp-content\/uploads\/2024\/05\/7262C831-9458-4AD5-9639-B4BF04F09A00-187x300.jpg 187w, https:\/\/www.herschmettlen.ch\/wp-content\/uploads\/2024\/05\/7262C831-9458-4AD5-9639-B4BF04F09A00-638x1024.jpg 638w, https:\/\/www.herschmettlen.ch\/wp-content\/uploads\/2024\/05\/7262C831-9458-4AD5-9639-B4BF04F09A00-768x1233.jpg 768w, https:\/\/www.herschmettlen.ch\/wp-content\/uploads\/2024\/05\/7262C831-9458-4AD5-9639-B4BF04F09A00-956x1536.jpg 956w, https:\/\/www.herschmettlen.ch\/wp-content\/uploads\/2024\/05\/7262C831-9458-4AD5-9639-B4BF04F09A00.jpg 1165w\" sizes=\"auto, (max-width: 226px) 100vw, 226px\" \/><br \/>Lukas Studer<br \/>Sch\u00f6nb\u00fcelstrasse 33a<br \/>8626 Ottikon<br \/><a href=\"mailto:kassier@herschmettlen.ch\">kassier@herschmettlen.ch<\/a><br \/>044 928 02 51<\/p>\n<p>&nbsp;<\/p>\n<p>&nbsp;<\/p>\n\n\n<p><\/p>\n","protected":false},"excerpt":{"rendered":"<p>Pr\u00e4sidentLukas B\u00f6schGerbelstrasse 118626 Ottikonpraesident@herschmettlen.ch079 299 93 56 AktuarFelix ZimmermannD\u00fcrntnerstrasse 198626 Ottikonaktuar@herschmettlen.ch079 624 50 20 Kassier Lukas StuderSch\u00f6nb\u00fcelstrasse 33a8626 Ottikonkassier@herschmettlen.ch044 928 02 51 &nbsp; &nbsp;<\/p>\n","protected":false},"author":1,"featured_media":0,"parent":0,"menu_order":0,"comment_status":"closed","ping_status":"closed","template":"","meta":{"footnotes":""},"class_list":["post-45","page","type-page","status-publish","hentry"],"_links":{"self":[{"href":"https:\/\/www.herschmettlen.ch\/index.php\/wp-json\/wp\/v2\/pages\/45","targetHints":{"allow":["GET"]}}],"collection":[{"href":"https:\/\/www.herschmettlen.ch\/index.php\/wp-json\/wp\/v2\/pages"}],"about":[{"href":"https:\/\/www.herschmettlen.ch\/index.php\/wp-json\/wp\/v2\/types\/page"}],"author":[{"embeddable":true,"href":"https:\/\/www.herschmettlen.ch\/index.php\/wp-json\/wp\/v2\/users\/1"}],"replies":[{"embeddable":true,"href":"https:\/\/www.herschmettlen.ch\/index.php\/wp-json\/wp\/v2\/comments?post=45"}],"version-history":[{"count":16,"href":"https:\/\/www.herschmettlen.ch\/index.php\/wp-json\/wp\/v2\/pages\/45\/revisions"}],"predecessor-version":[{"id":537,"href":"https:\/\/www.herschmettlen.ch\/index.php\/wp-json\/wp\/v2\/pages\/45\/revisions\/537"}],"wp:attachment":[{"href":"https:\/\/www.herschmettlen.ch\/index.php\/wp-json\/wp\/v2\/media?parent=45"}],"curies":[{"name":"wp","href":"https:\/\/api.w.org\/{rel}","templated":true}]}}