{"id":78,"date":"2025-03-24T16:53:37","date_gmt":"2025-03-24T16:53:37","guid":{"rendered":"http:\/\/www.herschmettlen.ch\/?page_id=78"},"modified":"2026-01-31T10:50:30","modified_gmt":"2026-01-31T10:50:30","slug":"aktuelles-2","status":"publish","type":"page","link":"https:\/\/www.herschmettlen.ch\/index.php\/aktuelles-2\/","title":{"rendered":"Aktuelles"},"content":{"rendered":"\n<p><\/p>\n\n\n\n<h2 class=\"wp-block-heading\">News 2026<\/h2>\n\n\n\n<p><strong>B\u00e4dli<\/strong> <br>Die Vereinbarung mit der Gemeinde Gossau f\u00fcr die Nutzung des B\u00e4dli wurde vom Gemeinderat erneuert. Wichtigster Punkt: die Vereinbarung ist neu unbefristet. Eine regelm\u00e4ssige Erneuerung entf\u00e4llt damit. Judihui!<\/p>\n\n\n\n<p><strong>Generalversammlung 2026<\/strong><br>18. M\u00e4rz 2026, 19:30, Schulhaus Herschmettlen<\/p>\n\n\n\n<p><strong>News 2025<\/strong><\/p>\n\n\n\n<p><strong>Gossauer-Info<\/strong><\/p>\n\n\n\n<p>Eine engagierte Gruppe Gosauer erw\u00e4gt, das Gossauer-Info weiterzuf\u00fchren. Dazu wird einen Umfrage durchgef\u00fchrt, welche Auskunft \u00fcber den Bedarf einer lokalen Informationsplattform geben soll. Die Details sind im beiliegenden PDF aufgef\u00fchrt.<\/p>\n\n\n\n<div data-wp-interactive=\"core\/file\" class=\"wp-block-file\"><object data-wp-bind--hidden=\"!state.hasPdfPreview\" hidden class=\"wp-block-file__embed\" data=\"https:\/\/www.herschmettlen.ch\/wp-content\/uploads\/2025\/03\/GossauerInfoUmfrage2025.pdf\" type=\"application\/pdf\" style=\"width:100%;height:600px\" aria-label=\"Einbettung von GossauerInfoUmfrage2025.\"><\/object><a id=\"wp-block-file--media-a33a5de9-a30e-45dd-86eb-4e72f04a4c40\" href=\"https:\/\/www.herschmettlen.ch\/wp-content\/uploads\/2025\/03\/GossauerInfoUmfrage2025.pdf\">GossauerInfoUmfrage2025<\/a><a href=\"https:\/\/www.herschmettlen.ch\/wp-content\/uploads\/2025\/03\/GossauerInfoUmfrage2025.pdf\" class=\"wp-block-file__button wp-element-button\" download aria-describedby=\"wp-block-file--media-a33a5de9-a30e-45dd-86eb-4e72f04a4c40\">Herunterladen<\/a><\/div>\n\n\n\n<p><\/p>\n\n\n\n<p><\/p>\n\n\n\n<p><strong>Saisoner\u00f6ffnung des B\u00e4dli ist am Donnerstag, 1. Mai 2025<\/strong><\/p>\n\n\n\n<p><br>Saisonschluss: Sonntag, 21. September 2025<br>B\u00e4dlifest: Freitag, 13. Juni 2025, ab 17.00 Uhr<br>(Info der B\u00e4dlikommision Herschmettlen)<\/p>\n\n\n\n<p><\/p>\n\n\n\n<p><\/p>\n\n\n\n<p><br><strong>50 Jahre Herschmettler Dorfbrunnen<\/strong><\/p>\n\n\n\n<figure class=\"wp-block-image size-full\"><img loading=\"lazy\" decoding=\"async\" width=\"709\" height=\"473\" src=\"https:\/\/www.herschmettlen.ch\/wp-content\/uploads\/2022\/03\/Dorfbrunnen-mit-Kindern-2.jpg\" alt=\"\" class=\"wp-image-369\" srcset=\"https:\/\/www.herschmettlen.ch\/wp-content\/uploads\/2022\/03\/Dorfbrunnen-mit-Kindern-2.jpg 709w, https:\/\/www.herschmettlen.ch\/wp-content\/uploads\/2022\/03\/Dorfbrunnen-mit-Kindern-2-300x200.jpg 300w\" sizes=\"auto, (max-width: 709px) 100vw, 709px\" \/><\/figure>\n\n\n\n<p><\/p>\n\n\n\n<p>Der beliebte Dorfbrunnen von Herschmettlen hat eine bewegte Geschichte. Vor 50 Jahren wurde er dank des Dorfvereins f\u00fcr Herschmettlen realisiert. <\/p>\n\n\n\n<p><\/p>\n\n\n\n<p><strong>Dorfbrand Herschmettlen 20. \/ 21. April 1870<\/strong><\/p>\n\n\n\n<figure class=\"wp-block-image size-large\"><img loading=\"lazy\" decoding=\"async\" width=\"1024\" height=\"967\" src=\"https:\/\/www.herschmettlen.ch\/wp-content\/uploads\/2020\/02\/P1160094-verzerrt-1-1024x967.jpg\" alt=\"\" class=\"wp-image-162\" srcset=\"https:\/\/www.herschmettlen.ch\/wp-content\/uploads\/2020\/02\/P1160094-verzerrt-1-1024x967.jpg 1024w, https:\/\/www.herschmettlen.ch\/wp-content\/uploads\/2020\/02\/P1160094-verzerrt-1-300x283.jpg 300w, https:\/\/www.herschmettlen.ch\/wp-content\/uploads\/2020\/02\/P1160094-verzerrt-1-768x725.jpg 768w, https:\/\/www.herschmettlen.ch\/wp-content\/uploads\/2020\/02\/P1160094-verzerrt-1-1536x1451.jpg 1536w, https:\/\/www.herschmettlen.ch\/wp-content\/uploads\/2020\/02\/P1160094-verzerrt-1-2048x1934.jpg 2048w\" sizes=\"auto, (max-width: 706px) 89vw, (max-width: 767px) 82vw, 740px\" \/><figcaption class=\"wp-element-caption\">Relief von Herschmettlen mit Zustand 1866 vor dem Brand. Hergestellt von Herschmettler Sch\u00fclerInnen 1962. Heute im D\u00fcrsteler Haus Ottikon.<br>Die H\u00e4user des Oberdorfes innerhalb der roten Markierung sind 1870 vollst\u00e4ndig abgebrannt.<\/figcaption><\/figure>\n\n\n\n<p>In der st\u00fcrmischen F\u00f6hnnacht vom 20. auf den 21. April 1870 ist aufgrund Brandstiftung  das Oberdorf von Herschmettlen vollst\u00e4ndig abgebrannt. 13 Wohnungen und 9 Scheunen wurden zerst\u00f6rt. 42 Menschen wurden obdachlos. <\/p>\n\n\n\n<p>Das Ereignis j\u00e4hrt sich 2020 zum 150. Mal.<\/p>\n","protected":false},"excerpt":{"rendered":"<p>News 2026 B\u00e4dli Die Vereinbarung mit der Gemeinde Gossau f\u00fcr die Nutzung des B\u00e4dli wurde vom Gemeinderat erneuert. Wichtigster Punkt: die Vereinbarung ist neu unbefristet. Eine regelm\u00e4ssige Erneuerung entf\u00e4llt damit. Judihui! Generalversammlung 202618. M\u00e4rz 2026, 19:30, Schulhaus Herschmettlen News 2025 Gossauer-Info Eine engagierte Gruppe Gosauer erw\u00e4gt, das Gossauer-Info weiterzuf\u00fchren. Dazu wird einen Umfrage durchgef\u00fchrt, welche &hellip; <\/p>\n<p class=\"link-more\"><a href=\"https:\/\/www.herschmettlen.ch\/index.php\/aktuelles-2\/\" class=\"more-link\"><span class=\"screen-reader-text\">\u201eAktuelles\u201c <\/span>weiterlesen<\/a><\/p>\n","protected":false},"author":1,"featured_media":0,"parent":0,"menu_order":0,"comment_status":"closed","ping_status":"closed","template":"","meta":{"footnotes":""},"class_list":["post-78","page","type-page","status-publish","hentry"],"_links":{"self":[{"href":"https:\/\/www.herschmettlen.ch\/index.php\/wp-json\/wp\/v2\/pages\/78","targetHints":{"allow":["GET"]}}],"collection":[{"href":"https:\/\/www.herschmettlen.ch\/index.php\/wp-json\/wp\/v2\/pages"}],"about":[{"href":"https:\/\/www.herschmettlen.ch\/index.php\/wp-json\/wp\/v2\/types\/page"}],"author":[{"embeddable":true,"href":"https:\/\/www.herschmettlen.ch\/index.php\/wp-json\/wp\/v2\/users\/1"}],"replies":[{"embeddable":true,"href":"https:\/\/www.herschmettlen.ch\/index.php\/wp-json\/wp\/v2\/comments?post=78"}],"version-history":[{"count":49,"href":"https:\/\/www.herschmettlen.ch\/index.php\/wp-json\/wp\/v2\/pages\/78\/revisions"}],"predecessor-version":[{"id":607,"href":"https:\/\/www.herschmettlen.ch\/index.php\/wp-json\/wp\/v2\/pages\/78\/revisions\/607"}],"wp:attachment":[{"href":"https:\/\/www.herschmettlen.ch\/index.php\/wp-json\/wp\/v2\/media?parent=78"}],"curies":[{"name":"wp","href":"https:\/\/api.w.org\/{rel}","templated":true}]}}